{"id":82,"date":"2025-08-28T12:34:03","date_gmt":"2025-08-28T09:34:03","guid":{"rendered":"https:\/\/yakinkorumabul.com\/isilani\/wp-job-portal-jobseeker-controlpanel\/"},"modified":"2025-08-28T15:21:38","modified_gmt":"2025-08-28T12:21:38","slug":"wp-job-portal-jobseeker-controlpanel","status":"publish","type":"page","link":"https:\/\/yakinkorumabul.com\/isilani\/wp-job-portal-jobseeker-controlpanel\/","title":{"rendered":""},"content":{"rendered":"\n <div class=\"wjportal-main-up-wrapper\">\r\n            <div class=\"wjportal-main-wrapper wjportal-clearfix\">\r\n            <div class=\"wjportal-page-header\">\r\n                <div class=\"wjportal-page-heading\">G\u00f6sterge Paneli<\/div>            <\/div>\r\n            <div id=\"wjportal-job-cp-wrp\">\r\n                                    <div class=\"wjportal-cp-guest-banner-wrap\" >\r\n                        <div class=\"wjportal-cp-guest-banner-left\" >\r\n                            <div class=\"wjportal-cp-guest-banner-left-icon-wrap\">\r\n                                <!-- Empty section for icon  -->\r\n                            <\/div>\r\n                        <\/div>\r\n                        <div class=\"wjportal-cp-guest-banner-middle\" >\r\n                            <div class=\"wjportal-cp-guest-banner-middle-top\" >\r\n                                Ho\u015fgeldiniz, Ziyaret\u00e7i!\r\n                            <\/div>\r\n                            <div class=\"wjportal-cp-guest-banner-middle-bottom\" >\r\n                                Devam etmek i\u00e7in l\u00fctfen kay\u0131t olmak \u00fczere giri\u015f yap\u0131n.                            <\/div>\r\n                        <\/div>\r\n                        <div class=\"wjportal-cp-guest-banner-right\" >\r\n                                                        <a class=\"wjportal-cp-guest-banner-login-link\" href=\"https:\/\/yakinkorumabul.com\/isilani\/wp-login.php\" title=\"Oturum a\u00e7\">\r\n                                Oturum a\u00e7                            <\/a>\r\n                                                        <a class=\"wjportal-cp-guest-banner-register-link\" href=\"https:\/\/yakinkorumabul.com\/isilani\/sirket-kayit\/jobseeker-register\" title=\"Kay\u0131t ol\">\r\n                                Kay\u0131t ol                            <\/a>\r\n                        <\/div>\r\n                    <\/div>\r\n                    \t        <div class=\"wjportal-cp-content-mainwrp\">\r\n                <div class=\"wjportal-cp-left\">\r\n                    <div class=\"wjportal-cp-short-links-wrp\">\r\n                        <div class=\"wjportal-cp-sec-title\">\r\n                            K\u0131sa Linkler                        <\/div>\r\n                        <div class=\"wjportal-cp-short-links-list\">\r\n                            <h3 class=\"wjportal-section-title\">Belgeleri Y\u00f6net<\/h3><div class=\"wjportal-cp-list\">\n                                <a class=\"wjportal-list-anchor\" href=https:\/\/yakinkorumabul.com\/isilani\/sirket-kayit\/my-resumes>\n                                    <img src=https:\/\/yakinkorumabul.com\/isilani\/wp-content\/plugins\/wp-job-portal\/includes\/images\/control_panel\/jobseeker\/resume.png>\n                                    <span class=\"wjportal-cp-link-text\">\u00d6zge\u00e7mi\u015flerim<\/span>\n                                <\/a>\n                            <\/div><div class=\"wjportal-cp-list\">\n                                    <a class=\"wjportal-list-anchor\" href=https:\/\/yakinkorumabul.com\/isilani\/sirket-kayit\/add-resume title=\"\u00f6zge\u00e7mi\u015f ekle\">\n                                        <img class=\"wjportal-img\" src=https:\/\/yakinkorumabul.com\/isilani\/wp-content\/plugins\/wp-job-portal\/includes\/images\/control_panel\/jobseeker\/add-resume.png alt=\"\u00f6zge\u00e7mi\u015f ekle\">\n                                        <span class=\"wjportal-cp-link-text\">\u00d6zge\u00e7mi\u015f Ekle<\/span>\n                                    <\/a>\n                            <\/div><h3 class=\"wjportal-section-title\">\u0130\u015fleri Y\u00f6net<\/h3><div class=\"wjportal-cp-list\">\n                            <a class=\"wjportal-list-anchor\" href=https:\/\/yakinkorumabul.com\/isilani\/sirket-kayit\/newest-jobs title=\"en yeni i\u015fler\">\n                                <img src=https:\/\/yakinkorumabul.com\/isilani\/wp-content\/plugins\/wp-job-portal\/includes\/images\/control_panel\/jobseeker\/add-job.png alt=\"en yeni i\u015fler\">\n                                <span class=\"wjportal-cp-link-text\">En Yeni \u0130\u015fler<\/span>\n                            <\/a>\n                        <\/div><div class=\"wjportal-cp-list\">\n                            <a class=\"wjportal-list-anchor\" href=https:\/\/yakinkorumabul.com\/isilani\/sirket-kayit\/job-search title=\"i\u015f aramak\">\n                                <img src=https:\/\/yakinkorumabul.com\/isilani\/wp-content\/plugins\/wp-job-portal\/includes\/images\/control_panel\/jobseeker\/search.png>\n                                <span class=\"wjportal-cp-link-text\">\u0130\u015f Ara<\/span>\n                            <\/a>\n                    <\/div> <div class=\"wjportal-cp-list\">\n                            <a class=\"wjportal-list-anchor\" href=https:\/\/yakinkorumabul.com\/isilani\/sirket-kayit\/my-applied-jobs title=\"ba\u015fvurulan i\u015flerim\">\n                                <img src=https:\/\/yakinkorumabul.com\/isilani\/wp-content\/plugins\/wp-job-portal\/includes\/images\/control_panel\/jobseeker\/applied-jobs.png alt=\"ba\u015fvurulan i\u015flerim\">\n                                <span class=\"wjportal-cp-link-text\">Ba\u015fvurulan \u0130\u015flerim<\/span>\n                            <\/a>\n                        <\/div><h3 class=\"wjportal-section-title\">Ke\u015ffetmek<\/h3><div class=\"wjportal-cp-list\">\n                            <a class=\"wjportal-list-anchor\" href=https:\/\/yakinkorumabul.com\/isilani\/sirket-kayit\/job-categories title=\"kategorilere g\u00f6re i\u015fler\">\n                                <img class=\"wjportal-img\" src=https:\/\/yakinkorumabul.com\/isilani\/wp-content\/plugins\/wp-job-portal\/includes\/images\/control_panel\/jobseeker\/job-category.png alt=\"kategorilere g\u00f6re i\u015fler\">\n                                <span class=\"wjportal-cp-link-text\">Kategorilere G\u00f6re \u0130\u015fler<\/span>\n                            <\/a>\n                    <\/div><div class=\"wjportal-cp-list\">\n                            <a class=\"wjportal-list-anchor\" href=https:\/\/yakinkorumabul.com\/isilani\/sirket-kayit\/job-by-types title=\"t\u00fcrlere g\u00f6re i\u015fler\">\n                            <img class=\"wjportal-img\" src=https:\/\/yakinkorumabul.com\/isilani\/wp-content\/plugins\/wp-job-portal\/includes\/images\/control_panel\/jobseeker\/job-type.png alt=\"t\u00fcrlere g\u00f6re i\u015fler\">\n                            <span class=\"wjportal-cp-link-text\">T\u00fcrlere G\u00f6re \u0130\u015fler<\/span><\/a>\n                        <\/div><div class=\"wjportal-cp-list\">\n                            <a class=\"wjportal-list-anchor\" href=https:\/\/yakinkorumabul.com\/isilani\/sirket-kayit\/jobs-by-cities title=\"\u015eehirler taraf\u0131ndan i\u015fler\">\n                            <img class=\"wjportal-img\" src=https:\/\/yakinkorumabul.com\/isilani\/wp-content\/plugins\/wp-job-portal\/includes\/images\/control_panel\/jobseeker\/job-city.png alt=\"\u015eehirler taraf\u0131ndan i\u015fler\">\n                            <span class=\"wjportal-cp-link-text\">\u015eehirlere G\u00f6re \u0130\u015fler<\/span><\/a>\n                        <\/div><h3 class=\"wjportal-section-title\">Sistem<\/h3><div class=\"wjportal-cp-list\">\n                                <a class=\"wjportal-list-anchor\" href=https:\/\/yakinkorumabul.com\/isilani\/sirket-kayit\/jobseeker-register title=\"Kay\u0131t ol\">\n                                    <img src=https:\/\/yakinkorumabul.com\/isilani\/wp-content\/plugins\/wp-job-portal\/includes\/images\/control_panel\/jobseeker\/registers.png alt=\"Kay\u0131t ol\">\n                                    <span class=\"wjportal-cp-link-text\">Kay\u0131t ol<\/span>\n                                <\/a>\n                        <\/div><div class=\"wjportal-cp-list\">\n                                <a class=\"wjportal-list-anchor\" href=https:\/\/yakinkorumabul.com\/isilani\/wp-login.php title=\"oturum a\u00e7\">\n                                    <img class=\"wjportal-img\" src=https:\/\/yakinkorumabul.com\/isilani\/wp-content\/plugins\/wp-job-portal\/includes\/images\/control_panel\/jobseeker\/login.png alt=\"oturum a\u00e7\">\n                                    <span class=\"wjportal-cp-link-text\">Oturum a\u00e7<\/span>\n                                <\/a>\n                            <\/div>                        <\/div>\r\n                    <\/div>\r\n                <\/div>\r\n                <div class=\"wjportal-cp-right\">\r\n                                                    <div id=\"job-applied-resume-wrapper\" class=\"wjportal-cp-graph-wrp wjportal-cp-sect-wrp\">\r\n                                    <div class=\"wjportal-cp-sec-title\">\r\n                                        T\u00fcrlere G\u00f6re \u0130\u015fler                                    <\/div>\r\n                                    <div>\r\n                                        \n<div id='wpjobportal-center' class=\"wjportal-cp-graph-inner-wrp\">\n    <div id=\"chart_div\" class=\"wjportal-cp-graph jobseeker\"><\/div>\n<\/div>\n                                    <\/div>\r\n                                <\/div>\r\n                                                <!-- Section Newest Job's -->\r\n                                                                            <div id=\"job-applied-resume-wrapper\" class=\"wjportal-cp-sect-wrp wjportal-newest-jobs-wrp\">\r\n                                <div class=\"wjportal-cp-sec-title\">\r\n                                    En Yeni \u0130\u015fler                                <\/div>\n                <div class=\"wjportal-error-messages-wrp\">\n                    <div class=\"wjportal-error-msg-image-wrp\">\n                        <img decoding=\"async\" class=\"wjportal-error-msg-image\" src=\"https:\/\/yakinkorumabul.com\/isilani\/wp-content\/plugins\/wp-job-portal\/includes\/images\/errors\/no-record.png\" alt=\"kay\u0131t yok\" \/>\n                    <\/div>\n                    <div class=\"wjportal-error-msg-txt\">\n                        Kay\u0131t Bulunamad\u0131 !...\n                    <\/div>    \n                    <div class=\"wjportal-error-msg-actions-wrp\"><\/div>\n                <\/div>\n                                        <\/div>\r\n                                                                            <\/div>\r\n                <\/div>\r\n            <\/div>\r\n                    <\/div>\r\n    <\/div>\r\n\n","protected":false},"excerpt":{"rendered":"","protected":false},"author":1,"featured_media":0,"parent":0,"menu_order":0,"comment_status":"closed","ping_status":"closed","template":"","meta":{"footnotes":""},"class_list":["post-82","page","type-page","status-publish","hentry"],"_links":{"self":[{"href":"https:\/\/yakinkorumabul.com\/isilani\/wp-json\/wp\/v2\/pages\/82","targetHints":{"allow":["GET"]}}],"collection":[{"href":"https:\/\/yakinkorumabul.com\/isilani\/wp-json\/wp\/v2\/pages"}],"about":[{"href":"https:\/\/yakinkorumabul.com\/isilani\/wp-json\/wp\/v2\/types\/page"}],"author":[{"embeddable":true,"href":"https:\/\/yakinkorumabul.com\/isilani\/wp-json\/wp\/v2\/users\/1"}],"replies":[{"embeddable":true,"href":"https:\/\/yakinkorumabul.com\/isilani\/wp-json\/wp\/v2\/comments?post=82"}],"version-history":[{"count":1,"href":"https:\/\/yakinkorumabul.com\/isilani\/wp-json\/wp\/v2\/pages\/82\/revisions"}],"predecessor-version":[{"id":105,"href":"https:\/\/yakinkorumabul.com\/isilani\/wp-json\/wp\/v2\/pages\/82\/revisions\/105"}],"wp:attachment":[{"href":"https:\/\/yakinkorumabul.com\/isilani\/wp-json\/wp\/v2\/media?parent=82"}],"curies":[{"name":"wp","href":"https:\/\/api.w.org\/{rel}","templated":true}]}}